{"id":913,"date":"2026-01-29T18:13:48","date_gmt":"2026-01-29T17:13:48","guid":{"rendered":"https:\/\/regensburg.nightlines.eu\/?page_id=913"},"modified":"2026-03-23T21:27:20","modified_gmt":"2026-03-23T20:27:20","slug":"ueber-uns","status":"publish","type":"page","link":"https:\/\/regensburg.nightlines.eu\/en\/ueber-uns\/","title":{"rendered":"About Us"},"content":{"rendered":"<div class=\"wp-block-group alignfull has-background has-global-padding is-layout-constrained wp-block-group-is-layout-constrained\" style=\"background-color:#aec3eb\">\n<div style=\"height:20px\" aria-hidden=\"true\" class=\"wp-block-spacer\"><\/div>\n\n\n\n<h2 class=\"wp-block-heading alignwide\">What is Nightline Regensburg?<\/h2>\n\n\n\n<div style=\"height:33px\" aria-hidden=\"true\" class=\"wp-block-spacer\"><\/div>\n\n\n\n<div class=\"wp-block-columns alignwide is-layout-flex wp-container-core-columns-is-layout-28f84493 wp-block-columns-is-layout-flex\">\n<div class=\"wp-block-column is-layout-flow wp-block-column-is-layout-flow\" style=\"flex-basis:100%\">\n<p class=\"has-heading-font-family\" style=\"font-size:clamp(14.082px, 0.88rem + ((1vw - 3.2px) * 0.721), 21px);line-height:1.8\">Nightline is a listening service provided by students for students.<\/p>\n\n\n\n<div style=\"height:18px\" aria-hidden=\"true\" class=\"wp-block-spacer\"><\/div>\n\n\n\n<div style=\"height:0px\" aria-hidden=\"true\" class=\"wp-block-spacer\"><\/div>\n\n\n\n<p class=\"has-text-align-left has-heading-font-family\" style=\"font-size:clamp(14.082px, 0.88rem + ((1vw - 3.2px) * 0.721), 21px);line-height:1.8\">The first Nightline was founded in Essex, England, in 1970. Since then, the idea has spread further and further: today, there are Nightlines in English- and German-speaking countries as well as in France.<\/p>\n\n\n\n<div style=\"height:18px\" aria-hidden=\"true\" class=\"wp-block-spacer\"><\/div>\n\n\n\n<p class=\"has-heading-font-family\" style=\"font-size:clamp(14.082px, 0.88rem + ((1vw - 3.2px) * 0.721), 21px);line-height:1.8\">Nightline Regensburg was founded in the summer of 2023 and has thus become part of this network.<\/p>\n\n\n\n<div style=\"height:18px\" aria-hidden=\"true\" class=\"wp-block-spacer\"><\/div>\n\n\n\n<p class=\"has-heading-font-family\" style=\"font-size:clamp(14.082px, 0.88rem + ((1vw - 3.2px) * 0.721), 21px);line-height:1.8\">As part of <a href=\"https:\/\/nightlines.eu\/europe\/\"><em>Nightline Europe<\/em><\/a> and <em><a href=\"http:\/\/nightlines.eu\">Nightline F\u00f6rderinitiative<\/a><\/em> we continuously network with other Nightlines to exchange ideas and work on joint projects such as the <a href=\"https:\/\/www.nightline.fr\/en\/news\/2025-02-03\/student-mental-health-europe-new-report-nightline-europe\">\u201eStudent Mental Health Report\u201d<\/a> .<\/p>\n\n\n\n<figure class=\"wp-block-image aligncenter size-large is-resized\"><img fetchpriority=\"high\" decoding=\"async\" width=\"1024\" height=\"329\" src=\"https:\/\/regensburg.nightlines.eu\/wp-content\/uploads\/2026\/01\/Design-ohne-Titel-9-1024x329.png\" alt=\"\" class=\"wp-image-1419\" style=\"aspect-ratio:3.112609825516644;width:473px;height:auto\" srcset=\"https:\/\/regensburg.nightlines.eu\/wp-content\/uploads\/2026\/01\/Design-ohne-Titel-9-1024x329.png 1024w, https:\/\/regensburg.nightlines.eu\/wp-content\/uploads\/2026\/01\/Design-ohne-Titel-9-300x96.png 300w, https:\/\/regensburg.nightlines.eu\/wp-content\/uploads\/2026\/01\/Design-ohne-Titel-9-768x247.png 768w, https:\/\/regensburg.nightlines.eu\/wp-content\/uploads\/2026\/01\/Design-ohne-Titel-9-1536x494.png 1536w, https:\/\/regensburg.nightlines.eu\/wp-content\/uploads\/2026\/01\/Design-ohne-Titel-9-2048x658.png 2048w, https:\/\/regensburg.nightlines.eu\/wp-content\/uploads\/2026\/01\/Design-ohne-Titel-9-18x6.png 18w\" sizes=\"(max-width: 1024px) 100vw, 1024px\" \/><\/figure>\n\n\n\n<div style=\"height:26px\" aria-hidden=\"true\" class=\"wp-block-spacer\"><\/div>\n\n\n\n<p class=\"has-heading-font-family\" style=\"font-size:clamp(14.082px, 0.88rem + ((1vw - 3.2px) * 0.721), 21px);\">Als Zuh\u00f6rtelefon sind wir von Montag bis Donnerstag von 21 bis 0 Uhr erreichbar, auch \u00fcber unseren <a href=\"http:\/\/chat.nightlines.eu\/regensburg\">chat<\/a> and in English.<\/p>\n\n\n\n<div style=\"height:18px\" aria-hidden=\"true\" class=\"wp-block-spacer\"><\/div>\n\n\n\n<p class=\"has-heading-font-family\" style=\"font-size:clamp(14.082px, 0.88rem + ((1vw - 3.2px) * 0.721), 21px);line-height:1.8\">Students from different disciplines offer their fellow students a sympathetic ear in the evenings. It doesn't matter what the topic is: whether it's heartbreak, stress at university, loneliness, anxiety, or depression\u2014anything can be discussed.<\/p>\n\n\n\n<div style=\"height:18px\" aria-hidden=\"true\" class=\"wp-block-spacer\"><\/div>\n\n\n\n<p class=\"has-heading-font-family\" style=\"font-size:clamp(14.082px, 0.88rem + ((1vw - 3.2px) * 0.721), 21px);line-height:1.8\">The focus is on listening without evaluating or judging. No advice is given; instead, a space is created for sharing thoughts and feelings.<\/p>\n\n\n\n<div style=\"height:18px\" aria-hidden=\"true\" class=\"wp-block-spacer\"><\/div>\n\n\n\n<p class=\"has-heading-font-family\" style=\"font-size:clamp(14.082px, 0.88rem + ((1vw - 3.2px) * 0.721), 21px);line-height:1.8\">To ensure that the conversations are handled appropriately, all volunteer members are trained in active listening according to Carl Rogers before their first telephone shift and are familiarized with our principles: anonymity, confidentiality, freedom from prejudice, and low threshold.<\/p>\n<\/div>\n<\/div>\n\n\n\n<div style=\"height:26px\" aria-hidden=\"true\" class=\"wp-block-spacer\"><\/div>\n<\/div>","protected":false},"excerpt":{"rendered":"<p>Was ist die Nightline Regensburg? Die Nightline ist ein Zuh\u00f6rtelefon von Studierenden f\u00fcr Studierende. Die erste Nightline wurde 1970 in Essex, England, gegr\u00fcndet. Seitdem hat sich diese Idee immer weiter verbreitet: Heute gibt es im englisch- und deutschsprachigen Raum sowie in Frankreich Nightlines. Im Sommer 2023 wurde die Nightline Regensburg gegr\u00fcndet und ist somit Teil [&hellip;]<\/p>","protected":false},"author":1,"featured_media":0,"parent":0,"menu_order":3,"comment_status":"closed","ping_status":"closed","template":"","meta":{"footnotes":""},"class_list":["post-913","page","type-page","status-publish","hentry"],"_links":{"self":[{"href":"https:\/\/regensburg.nightlines.eu\/en\/wp-json\/wp\/v2\/pages\/913","targetHints":{"allow":["GET"]}}],"collection":[{"href":"https:\/\/regensburg.nightlines.eu\/en\/wp-json\/wp\/v2\/pages"}],"about":[{"href":"https:\/\/regensburg.nightlines.eu\/en\/wp-json\/wp\/v2\/types\/page"}],"author":[{"embeddable":true,"href":"https:\/\/regensburg.nightlines.eu\/en\/wp-json\/wp\/v2\/users\/1"}],"replies":[{"embeddable":true,"href":"https:\/\/regensburg.nightlines.eu\/en\/wp-json\/wp\/v2\/comments?post=913"}],"version-history":[{"count":49,"href":"https:\/\/regensburg.nightlines.eu\/en\/wp-json\/wp\/v2\/pages\/913\/revisions"}],"predecessor-version":[{"id":1429,"href":"https:\/\/regensburg.nightlines.eu\/en\/wp-json\/wp\/v2\/pages\/913\/revisions\/1429"}],"wp:attachment":[{"href":"https:\/\/regensburg.nightlines.eu\/en\/wp-json\/wp\/v2\/media?parent=913"}],"curies":[{"name":"wp","href":"https:\/\/api.w.org\/{rel}","templated":true}]}}