{"id":392,"date":"2024-08-29T00:25:49","date_gmt":"2024-08-28T22:25:49","guid":{"rendered":"https:\/\/regensburg.nightlines.eu\/?page_id=392"},"modified":"2026-05-04T18:12:38","modified_gmt":"2026-05-04T16:12:38","slug":"impressum","status":"publish","type":"page","link":"https:\/\/regensburg.nightlines.eu\/en\/impressum\/","title":{"rendered":"Legal Notice"},"content":{"rendered":"<div class=\"wp-block-group alignfull has-background has-global-padding is-layout-constrained wp-block-group-is-layout-constrained\" style=\"background-color:#aec3eb\">\n<p class=\"has-text-align-center has-text-color has-link-color has-xx-large-font-size wp-elements-71fa389b883ebb36c1b26a91a00419e9\" style=\"color:#363369\"><strong>Legal Notice<\/strong><\/p>\n\n\n\n<div id=\"adresse\" class=\"wp-block-group has-global-padding is-content-justification-center is-layout-constrained wp-container-core-group-is-layout-712e0862 wp-block-group-is-layout-constrained\" style=\"border-style:none;border-width:0px;border-radius:0px;padding-top:0;padding-bottom:0\">\n<div style=\"height:64px\" aria-hidden=\"true\" class=\"wp-block-spacer\"><\/div>\n\n\n\n<p class=\"has-text-align-left\"><strong>Nightline Regensburg e.V.<\/strong><\/p>\n\n\n\n<p class=\"has-text-align-left\">Seybothstra\u00dfe 2<\/p>\n\n\n\n<p class=\"has-text-align-left\">93053 Regensburg<\/p>\n<\/div>\n\n\n\n<div style=\"height:21px\" aria-hidden=\"true\" class=\"wp-block-spacer\"><\/div>\n\n\n\n<p class=\"has-text-align-left\"><strong>E-Mail:<\/strong> regensburg[at]nightlines.eu<\/p>\n\n\n\n<div style=\"height:21px\" aria-hidden=\"true\" class=\"wp-block-spacer\"><\/div>\n\n\n\n<p class=\"has-text-align-left\"><strong>Bankverbindung<\/strong>:<\/p>\n\n\n\n<p class=\"has-text-align-left\"><strong>IBAN:<\/strong> DE09 7505 0000 0027 7977 11<\/p>\n\n\n\n<p class=\"has-text-align-left\"><strong>BIC: <\/strong>BYLADEM1RBG<\/p>\n\n\n\n<p class=\"has-text-align-left\">Sparkasse Regensburg<\/p>\n\n\n\n<div style=\"height:21px\" aria-hidden=\"true\" class=\"wp-block-spacer\"><\/div>\n\n\n\n<p class=\"has-text-align-left\"><strong>Vertretungsberechtigter Vorstand:<\/strong><\/p>\n\n\n\n<p class=\"has-text-align-left\">Nox Zirwick<\/p>\n\n\n\n<p class=\"has-text-align-left\">Severin Bittl<\/p>\n\n\n\n<div style=\"height:21px\" aria-hidden=\"true\" class=\"wp-block-spacer\"><\/div>\n\n\n\n<div style=\"height:0px\" aria-hidden=\"true\" class=\"wp-block-spacer\"><\/div>\n\n\n\n<p class=\"has-text-align-left\"><strong>Registergericht:<\/strong> Amtsgericht Regensburg<\/p>\n\n\n\n<p class=\"has-text-align-left\"><strong>Registernummer:<\/strong> VR 201870<\/p>\n\n\n\n<div style=\"height:21px\" aria-hidden=\"true\" class=\"wp-block-spacer\"><\/div>\n\n\n\n<p class=\"has-text-align-left\"><strong>Haftungshinweis:<\/strong> Trotz sorgf\u00e4ltiger inhaltlicher Kontrolle \u00fcbernehmen wir keine Haftung f\u00fcr die Inhalte externer Links. F\u00fcr den Inhalt der verlinkten Seiten sind ausschlie\u00dflich deren Betreiber verantwortlich.<\/p>\n\n\n\n<p><\/p>\n<\/div>","protected":false},"excerpt":{"rendered":"<p>Impressum Nightline Regensburg e.V. Seybothstra\u00dfe 2 93053 Regensburg E-Mail: regensburg[at]nightlines.eu Bankverbindung: IBAN: DE09 7505 0000 0027 7977 11 BIC: BYLADEM1RBG Sparkasse Regensburg Vertretungsberechtigter Vorstand: Nox Zirwick Severin Bittl Registergericht: Amtsgericht Regensburg Registernummer: VR 201870 Haftungshinweis: Trotz sorgf\u00e4ltiger inhaltlicher Kontrolle \u00fcbernehmen wir keine Haftung f\u00fcr die Inhalte externer Links. F\u00fcr den Inhalt der verlinkten Seiten sind [&hellip;]<\/p>","protected":false},"author":1,"featured_media":0,"parent":0,"menu_order":99,"comment_status":"closed","ping_status":"closed","template":"","meta":{"footnotes":""},"class_list":["post-392","page","type-page","status-publish","hentry"],"_links":{"self":[{"href":"https:\/\/regensburg.nightlines.eu\/en\/wp-json\/wp\/v2\/pages\/392","targetHints":{"allow":["GET"]}}],"collection":[{"href":"https:\/\/regensburg.nightlines.eu\/en\/wp-json\/wp\/v2\/pages"}],"about":[{"href":"https:\/\/regensburg.nightlines.eu\/en\/wp-json\/wp\/v2\/types\/page"}],"author":[{"embeddable":true,"href":"https:\/\/regensburg.nightlines.eu\/en\/wp-json\/wp\/v2\/users\/1"}],"replies":[{"embeddable":true,"href":"https:\/\/regensburg.nightlines.eu\/en\/wp-json\/wp\/v2\/comments?post=392"}],"version-history":[{"count":22,"href":"https:\/\/regensburg.nightlines.eu\/en\/wp-json\/wp\/v2\/pages\/392\/revisions"}],"predecessor-version":[{"id":1434,"href":"https:\/\/regensburg.nightlines.eu\/en\/wp-json\/wp\/v2\/pages\/392\/revisions\/1434"}],"wp:attachment":[{"href":"https:\/\/regensburg.nightlines.eu\/en\/wp-json\/wp\/v2\/media?parent=392"}],"curies":[{"name":"wp","href":"https:\/\/api.w.org\/{rel}","templated":true}]}}