{"id":1194,"date":"2026-01-29T18:14:03","date_gmt":"2026-01-29T17:14:03","guid":{"rendered":"https:\/\/regensburg.nightlines.eu\/?page_id=1194"},"modified":"2026-01-31T16:28:57","modified_gmt":"2026-01-31T15:28:57","slug":"unterstuetzen-2","status":"publish","type":"page","link":"https:\/\/regensburg.nightlines.eu\/en\/unterstuetzen-2\/","title":{"rendered":"Support Us"},"content":{"rendered":"<div class=\"wp-block-group alignfull has-background has-global-padding is-layout-constrained wp-block-group-is-layout-constrained\" style=\"background-color:#aec3eb\">\n<div style=\"height:20px\" aria-hidden=\"true\" class=\"wp-block-spacer\"><\/div>\n\n\n\n<h2 class=\"wp-block-heading alignwide\">Support us!<\/h2>\n\n\n\n<div style=\"height:33px\" aria-hidden=\"true\" class=\"wp-block-spacer\"><\/div>\n\n\n\n<div class=\"wp-block-columns alignwide are-vertically-aligned-center is-layout-flex wp-container-core-columns-is-layout-28f84493 wp-block-columns-is-layout-flex\">\n<div class=\"wp-block-column is-vertically-aligned-center is-layout-flow wp-block-column-is-layout-flow\">\n<p class=\"has-heading-font-family\" style=\"font-size:clamp(14.082px, 0.88rem + ((1vw - 3.2px) * 0.721), 21px);line-height:1.8\">In order to provide our free service, we are dependent on external funding.&nbsp;<br>We use these primarily for advertising, training our volunteers, and team building.<\/p>\n\n\n\n<div style=\"height:20px\" aria-hidden=\"true\" class=\"wp-block-spacer\"><\/div>\n\n\n\n<p class=\"has-heading-font-family\" style=\"font-size:clamp(14.082px, 0.88rem + ((1vw - 3.2px) * 0.721), 21px);line-height:1.8\">If you would like to support our work financially, we would be very grateful for any amount, either as <strong><a href=\"#Spende\">donation<\/a> <\/strong>or through a regular contribution as a <a href=\"#F\u00f6rdermitglied\"><strong>supporting member<\/strong><\/a>.<\/p>\n\n\n\n<div style=\"height:20px\" aria-hidden=\"true\" class=\"wp-block-spacer\"><\/div>\n\n\n\n<p class=\"has-heading-font-family\" style=\"font-size:clamp(14.082px, 0.88rem + ((1vw - 3.2px) * 0.721), 21px);line-height:1.8\">PS: We are a registered non-profit organization. Donations to us are tax deductible. We will gladly issue you a donation receipt.<\/p>\n<\/div>\n\n\n\n<div class=\"wp-block-column is-vertically-aligned-center is-layout-flow wp-block-column-is-layout-flow\">\n<div style=\"height:33px\" aria-hidden=\"true\" class=\"wp-block-spacer\"><\/div>\n\n\n\n<figure class=\"wp-block-image aligncenter size-full is-resized\"><img fetchpriority=\"high\" decoding=\"async\" width=\"362\" height=\"500\" src=\"https:\/\/regensburg.nightlines.eu\/wp-content\/uploads\/2024\/09\/ers-e1726174526929.png\" alt=\"\" class=\"wp-image-756\" style=\"aspect-ratio:0.7240199947382268;width:311px;height:auto\" srcset=\"https:\/\/regensburg.nightlines.eu\/wp-content\/uploads\/2024\/09\/ers-e1726174526929.png 362w, https:\/\/regensburg.nightlines.eu\/wp-content\/uploads\/2024\/09\/ers-e1726174526929-217x300.png 217w\" sizes=\"(max-width: 362px) 100vw, 362px\" \/><\/figure>\n<\/div>\n<\/div>\n\n\n\n<div style=\"height:87px\" aria-hidden=\"true\" class=\"wp-block-spacer\"><\/div>\n\n\n\n<div class=\"wp-block-group alignwide has-global-padding is-content-justification-center is-layout-constrained wp-block-group-is-layout-constrained\">\n<h2 class=\"wp-block-heading alignwide has-text-align-center\" id=\"Spende\">Donate to us!<\/h2>\n\n\n\n<div style=\"height:33px\" aria-hidden=\"true\" class=\"wp-block-spacer\"><\/div>\n\n\n\n<p class=\"has-text-align-center has-background has-heading-font-family\" style=\"border-width:1px;border-top-left-radius:10px;border-top-right-radius:10px;border-bottom-left-radius:10px;border-bottom-right-radius:10px;background-color:#fbcb73;padding-top:var(--wp--preset--spacing--20);padding-right:0;padding-bottom:var(--wp--preset--spacing--20);padding-left:0;font-size:clamp(18.959px, 1.185rem + ((1vw - 3.2px) * 1.15), 30px);\"><strong><a href=\"https:\/\/www.paypal.com\/donate\/?hosted_button_id=DBGP5DRES9TNW\">via Paypal<\/a><\/strong><\/p>\n\n\n\n<hr class=\"wp-block-separator has-alpha-channel-opacity\" style=\"margin-top:var(--wp--preset--spacing--20);margin-bottom:var(--wp--preset--spacing--20)\"\/>\n\n\n\n<p class=\"has-text-align-center has-heading-font-family\" style=\"font-size:clamp(14.082px, 0.88rem + ((1vw - 3.2px) * 0.721), 21px);\">or <\/p>\n\n\n\n<hr class=\"wp-block-separator has-alpha-channel-opacity\" style=\"margin-top:var(--wp--preset--spacing--20);margin-bottom:var(--wp--preset--spacing--20)\"\/>\n\n\n\n<div class=\"wp-block-group has-background has-heading-font-family has-global-padding is-layout-constrained wp-container-core-group-is-layout-8891b991 wp-block-group-is-layout-constrained\" style=\"border-width:1px;border-top-left-radius:10px;border-top-right-radius:10px;border-bottom-left-radius:10px;border-bottom-right-radius:10px;background-color:#fbcb73;margin-top:0;margin-bottom:0;padding-top:var(--wp--preset--spacing--20);padding-right:0;padding-bottom:var(--wp--preset--spacing--20);padding-left:0\">\n<p class=\"has-text-align-center\" style=\"font-size:clamp(18.959px, 1.185rem + ((1vw - 3.2px) * 1.15), 30px);\"><strong>via bank transfer<\/strong><\/p>\n\n\n\n<p class=\"has-text-align-center\" style=\"padding-top:0;padding-bottom:0;font-size:clamp(14.082px, 0.88rem + ((1vw - 3.2px) * 0.721), 21px);\">Sparkasse Regensburg<\/p>\n\n\n\n<p class=\"has-text-align-center\" style=\"font-size:clamp(14.082px, 0.88rem + ((1vw - 3.2px) * 0.721), 21px);\"><strong>Recipient:<\/strong>&nbsp;Nightline Regensburg e.V.<\/p>\n\n\n\n<p class=\"has-text-align-center\" style=\"font-size:clamp(14.082px, 0.88rem + ((1vw - 3.2px) * 0.721), 21px);\"><strong>IBAN:&nbsp;<\/strong>DE09 7505 0000 0027 7977 11<\/p>\n\n\n\n<p class=\"has-text-align-center\" style=\"font-size:clamp(14.082px, 0.88rem + ((1vw - 3.2px) * 0.721), 21px);\"><strong>BIC<\/strong>: BYLADEM1RBG<\/p>\n<\/div>\n<\/div>\n\n\n\n<div style=\"height:33px\" aria-hidden=\"true\" class=\"wp-block-spacer\"><\/div>\n\n\n\n<div class=\"wp-block-group alignwide is-vertical is-layout-flex wp-container-core-group-is-layout-fe9cc265 wp-block-group-is-layout-flex\">\n<p class=\"has-text-align-center has-heading-font-family\" style=\"font-size:clamp(14.082px, 0.88rem + ((1vw - 3.2px) * 0.721), 21px);\">We will gladly issue a donation receipt upon request. Simply enter your email address as the purpose of the transfer. For donations under \u20ac300, your bank statement is sufficient to deduct the amount from your taxes.<\/p>\n<\/div>\n\n\n\n<div style=\"height:87px\" aria-hidden=\"true\" class=\"wp-block-spacer\"><\/div>\n\n\n\n<h2 class=\"wp-block-heading alignwide\" id=\"F\u00f6rdermitglied\">Become a supporting member<\/h2>\n\n\n\n<div style=\"height:11px\" aria-hidden=\"true\" class=\"wp-block-spacer\"><\/div>\n\n\n\n<div class=\"wp-block-group alignwide has-global-padding is-layout-constrained wp-block-group-is-layout-constrained\">\n<div class=\"wp-block-columns alignwide is-layout-flex wp-container-core-columns-is-layout-28f84493 wp-block-columns-is-layout-flex\">\n<div class=\"wp-block-column is-layout-flow wp-block-column-is-layout-flow\" style=\"flex-basis:100%\">\n<p class=\"has-heading-font-family\" style=\"font-size:clamp(14.642px, 0.915rem + ((1vw - 3.2px) * 0.766), 22px);\">For longer-term financial support, a supporting membership in Nightline Regensburg e.V. is a good option. <\/p>\n\n\n\n<div class=\"wp-block-buttons is-layout-flex wp-block-buttons-is-layout-flex\" style=\"padding-top:var(--wp--preset--spacing--20);padding-bottom:var(--wp--preset--spacing--20)\">\n<div class=\"wp-block-button\"><a class=\"wp-block-button__link wp-element-button\">application<\/a><\/div>\n<\/div>\n<\/div>\n<\/div>\n\n\n\n<hr class=\"wp-block-separator alignwide has-alpha-channel-opacity\" style=\"margin-top:var(--wp--preset--spacing--10);margin-bottom:var(--wp--preset--spacing--10)\"\/>\n\n\n\n<details class=\"wp-block-details alignwide has-heading-font-family is-layout-flow wp-block-details-is-layout-flow\" style=\"font-size:clamp(14.082px, 0.88rem + ((1vw - 3.2px) * 0.721), 21px);\"><summary>Who can become a supporting member?<\/summary>\n<p>Any private individual or organization that supports our association's goals can become a supporting member.<\/p>\n<\/details>\n\n\n\n<hr class=\"wp-block-separator alignwide has-alpha-channel-opacity\" style=\"margin-top:var(--wp--preset--spacing--10);margin-bottom:var(--wp--preset--spacing--10)\"\/>\n\n\n\n<details class=\"wp-block-details alignwide has-heading-font-family is-layout-flow wp-block-details-is-layout-flow\" style=\"font-size:clamp(14.082px, 0.88rem + ((1vw - 3.2px) * 0.721), 21px);\"><summary>How much are the contributions?<\/summary>\n<p style=\"font-size:clamp(14.082px, 0.88rem + ((1vw - 3.2px) * 0.721), 21px);\">You are free to choose the amount; there is no minimum amount.<\/p>\n<\/details>\n\n\n\n<hr class=\"wp-block-separator alignwide has-alpha-channel-opacity\" style=\"margin-top:var(--wp--preset--spacing--10);margin-bottom:var(--wp--preset--spacing--10)\"\/>\n\n\n\n<details class=\"wp-block-details alignwide has-heading-font-family is-layout-flow wp-block-details-is-layout-flow\" style=\"font-size:clamp(14.082px, 0.88rem + ((1vw - 3.2px) * 0.721), 21px);\"><summary>How can I pay?&nbsp;<\/summary>\n<p>&nbsp;Payment of contributions is made either by direct debit or bank transfer.<\/p>\n<\/details>\n\n\n\n<hr class=\"wp-block-separator alignwide has-alpha-channel-opacity\" style=\"margin-top:var(--wp--preset--spacing--10);margin-bottom:var(--wp--preset--spacing--10)\"\/>\n\n\n\n<details class=\"wp-block-details alignwide has-heading-font-family is-layout-flow wp-block-details-is-layout-flow\" style=\"font-size:clamp(14.082px, 0.88rem + ((1vw - 3.2px) * 0.721), 21px);\"><summary>How does becoming a supporting member work?<\/summary>\n<p>Membership begins immediately (unless otherwise specified), and the full membership fee is due for the current year. Simply fill out the membership application and send it by email to regensburg[at]nightlines.eu or by post to our\u00a0<a href=\"https:\/\/regensburg.nightlines.eu\/en\/impressum\/#adresse\">address<\/a>.<\/p>\n<\/details>\n\n\n\n<hr class=\"wp-block-separator alignwide has-alpha-channel-opacity\" style=\"margin-top:var(--wp--preset--spacing--10);margin-bottom:var(--wp--preset--spacing--10)\"\/>\n\n\n\n<details class=\"wp-block-details alignwide has-heading-font-family is-layout-flow wp-block-details-is-layout-flow\" style=\"font-size:clamp(14.082px, 0.88rem + ((1vw - 3.2px) * 0.721), 21px);\"><summary>How does leaving the association work?<\/summary>\n<p>Resignation is possible by giving one month's notice to the authorized representative of the Executive Board at the end of the year. In this case, we would be particularly grateful if you could let us know.<\/p>\n<\/details>\n\n\n\n<hr class=\"wp-block-separator alignwide has-alpha-channel-opacity\" style=\"margin-top:var(--wp--preset--spacing--10);margin-bottom:var(--wp--preset--spacing--10)\"\/>\n<\/div>\n\n\n\n<div style=\"height:87px\" aria-hidden=\"true\" class=\"wp-block-spacer\"><\/div>\n\n\n\n<div class=\"wp-block-group alignwide has-global-padding is-content-justification-left is-layout-constrained wp-container-core-group-is-layout-12dd3699 wp-block-group-is-layout-constrained\">\n<h2 class=\"wp-block-heading has-heading-font-family\">Non-financial Support<\/h2>\n\n\n\n<div style=\"height:22px\" aria-hidden=\"true\" class=\"wp-block-spacer\"><\/div>\n\n\n\n<p class=\"has-heading-font-family\" style=\"font-size:clamp(14.082px, 0.88rem + ((1vw - 3.2px) * 0.721), 21px);\">In addition to financial support, we also welcome non-financial and material support, e.g. in the form of advertising space, provision of materials for association work, or similar.<\/p>\n\n\n\n<p class=\"has-heading-font-family\" style=\"font-size:clamp(14.082px, 0.88rem + ((1vw - 3.2px) * 0.721), 21px);\">If you would like to support us in any way, please feel free to contact us by email at <em>regensburg[at]nightlines.eu<\/em>.<\/p>\n\n\n\n<div style=\"height:87px\" aria-hidden=\"true\" class=\"wp-block-spacer\"><\/div>\n<\/div>\n\n\n\n<div class=\"wp-block-group alignwide has-global-padding is-content-justification-center is-layout-constrained wp-block-group-is-layout-constrained\">\n<h2 class=\"wp-block-heading has-text-align-center has-heading-font-family\">Our Supporters<\/h2>\n\n\n\n<div style=\"height:22px\" aria-hidden=\"true\" class=\"wp-block-spacer\"><\/div>\n\n\n\n<p class=\"has-text-align-center has-heading-font-family\" style=\"font-size:clamp(14.082px, 0.88rem + ((1vw - 3.2px) * 0.721), 21px);\"><strong>Thanks to<\/strong><\/p>\n\n\n\n<div style=\"height:44px\" aria-hidden=\"true\" class=\"wp-block-spacer\"><\/div>\n<\/div>\n\n\n\n<div class=\"wp-block-columns alignwide is-layout-flex wp-container-core-columns-is-layout-28f84493 wp-block-columns-is-layout-flex\">\n<div class=\"wp-block-column is-vertically-aligned-center is-layout-flow wp-block-column-is-layout-flow\">\n<figure class=\"wp-block-image aligncenter size-large is-resized\" style=\"margin-top:var(--wp--preset--spacing--10);margin-bottom:var(--wp--preset--spacing--10)\"><img decoding=\"async\" width=\"1024\" height=\"471\" src=\"https:\/\/regensburg.nightlines.eu\/wp-content\/uploads\/2024\/09\/Logo_STUV_OTH_2_2018_lang_V-e1664357601562-1024x471.png\" alt=\"\" class=\"wp-image-810\" style=\"aspect-ratio:2.1741723571613796;width:339px;height:auto\" srcset=\"https:\/\/regensburg.nightlines.eu\/wp-content\/uploads\/2024\/09\/Logo_STUV_OTH_2_2018_lang_V-e1664357601562-1024x471.png 1024w, https:\/\/regensburg.nightlines.eu\/wp-content\/uploads\/2024\/09\/Logo_STUV_OTH_2_2018_lang_V-e1664357601562-300x138.png 300w, https:\/\/regensburg.nightlines.eu\/wp-content\/uploads\/2024\/09\/Logo_STUV_OTH_2_2018_lang_V-e1664357601562-768x354.png 768w, https:\/\/regensburg.nightlines.eu\/wp-content\/uploads\/2024\/09\/Logo_STUV_OTH_2_2018_lang_V-e1664357601562-1536x707.png 1536w, https:\/\/regensburg.nightlines.eu\/wp-content\/uploads\/2024\/09\/Logo_STUV_OTH_2_2018_lang_V-e1664357601562-2048x943.png 2048w\" sizes=\"(max-width: 1024px) 100vw, 1024px\" \/><\/figure>\n<\/div>\n\n\n\n<div class=\"wp-block-column is-vertically-aligned-center is-layout-flow wp-block-column-is-layout-flow\">\n<figure class=\"wp-block-image aligncenter size-large is-resized\" style=\"margin-top:var(--wp--preset--spacing--10);margin-bottom:var(--wp--preset--spacing--10)\"><img decoding=\"async\" width=\"1024\" height=\"652\" src=\"https:\/\/regensburg.nightlines.eu\/wp-content\/uploads\/2024\/09\/OTH_Freunde_LOGO_farbe-1024x652.jpg\" alt=\"\" class=\"wp-image-547\" style=\"aspect-ratio:1.5705900718076804;width:266px;height:auto\" srcset=\"https:\/\/regensburg.nightlines.eu\/wp-content\/uploads\/2024\/09\/OTH_Freunde_LOGO_farbe-1024x652.jpg 1024w, https:\/\/regensburg.nightlines.eu\/wp-content\/uploads\/2024\/09\/OTH_Freunde_LOGO_farbe-300x191.jpg 300w, https:\/\/regensburg.nightlines.eu\/wp-content\/uploads\/2024\/09\/OTH_Freunde_LOGO_farbe-768x489.jpg 768w, https:\/\/regensburg.nightlines.eu\/wp-content\/uploads\/2024\/09\/OTH_Freunde_LOGO_farbe-1536x978.jpg 1536w, https:\/\/regensburg.nightlines.eu\/wp-content\/uploads\/2024\/09\/OTH_Freunde_LOGO_farbe-2048x1304.jpg 2048w\" sizes=\"(max-width: 1024px) 100vw, 1024px\" \/><\/figure>\n<\/div>\n<\/div>\n\n\n\n<div style=\"height:56px\" aria-hidden=\"true\" class=\"wp-block-spacer\"><\/div>\n\n\n\n<div class=\"wp-block-columns alignwide is-layout-flex wp-container-core-columns-is-layout-28f84493 wp-block-columns-is-layout-flex\">\n<div class=\"wp-block-column is-vertically-aligned-center is-layout-flow wp-block-column-is-layout-flow\">\n<figure class=\"wp-block-image aligncenter size-full is-resized\" style=\"margin-top:var(--wp--preset--spacing--10);margin-bottom:var(--wp--preset--spacing--10)\"><img loading=\"lazy\" decoding=\"async\" width=\"2560\" height=\"435\" src=\"https:\/\/regensburg.nightlines.eu\/wp-content\/uploads\/2026\/01\/OTH_Logo_1lineB_pos_b-scaled.png\" alt=\"\" class=\"wp-image-1257\" style=\"width:391px;height:auto\" srcset=\"https:\/\/regensburg.nightlines.eu\/wp-content\/uploads\/2026\/01\/OTH_Logo_1lineB_pos_b-scaled.png 2560w, https:\/\/regensburg.nightlines.eu\/wp-content\/uploads\/2026\/01\/OTH_Logo_1lineB_pos_b-300x51.png 300w, https:\/\/regensburg.nightlines.eu\/wp-content\/uploads\/2026\/01\/OTH_Logo_1lineB_pos_b-1024x174.png 1024w, https:\/\/regensburg.nightlines.eu\/wp-content\/uploads\/2026\/01\/OTH_Logo_1lineB_pos_b-768x131.png 768w, https:\/\/regensburg.nightlines.eu\/wp-content\/uploads\/2026\/01\/OTH_Logo_1lineB_pos_b-1536x261.png 1536w, https:\/\/regensburg.nightlines.eu\/wp-content\/uploads\/2026\/01\/OTH_Logo_1lineB_pos_b-2048x348.png 2048w\" sizes=\"(max-width: 2560px) 100vw, 2560px\" \/><\/figure>\n<\/div>\n<\/div>\n\n\n\n<div style=\"height:56px\" aria-hidden=\"true\" class=\"wp-block-spacer\"><\/div>\n\n\n\n<div class=\"wp-block-columns alignwide is-layout-flex wp-container-core-columns-is-layout-28f84493 wp-block-columns-is-layout-flex\">\n<div class=\"wp-block-column is-vertically-aligned-center is-layout-flow wp-block-column-is-layout-flow\">\n<figure class=\"wp-block-image aligncenter size-full is-resized\" style=\"margin-top:var(--wp--preset--spacing--10);margin-bottom:var(--wp--preset--spacing--10)\"><img loading=\"lazy\" decoding=\"async\" width=\"983\" height=\"708\" src=\"https:\/\/regensburg.nightlines.eu\/wp-content\/uploads\/2024\/09\/Logo_blau_023966.png\" alt=\"\" class=\"wp-image-808\" style=\"aspect-ratio:1.3884411569882977;width:214px;height:auto\" srcset=\"https:\/\/regensburg.nightlines.eu\/wp-content\/uploads\/2024\/09\/Logo_blau_023966.png 983w, https:\/\/regensburg.nightlines.eu\/wp-content\/uploads\/2024\/09\/Logo_blau_023966-300x216.png 300w, https:\/\/regensburg.nightlines.eu\/wp-content\/uploads\/2024\/09\/Logo_blau_023966-768x553.png 768w\" sizes=\"(max-width: 983px) 100vw, 983px\" \/><\/figure>\n<\/div>\n\n\n\n<div class=\"wp-block-column is-vertically-aligned-center is-layout-flow wp-block-column-is-layout-flow\">\n<figure class=\"wp-block-image aligncenter size-large\" style=\"margin-top:var(--wp--preset--spacing--10);margin-bottom:var(--wp--preset--spacing--10)\"><img loading=\"lazy\" decoding=\"async\" width=\"1024\" height=\"169\" src=\"https:\/\/regensburg.nightlines.eu\/wp-content\/uploads\/2024\/09\/cropped-USO_Logo-1024x169.png\" alt=\"\" class=\"wp-image-806\" srcset=\"https:\/\/regensburg.nightlines.eu\/wp-content\/uploads\/2024\/09\/cropped-USO_Logo-1024x169.png 1024w, https:\/\/regensburg.nightlines.eu\/wp-content\/uploads\/2024\/09\/cropped-USO_Logo-300x50.png 300w, https:\/\/regensburg.nightlines.eu\/wp-content\/uploads\/2024\/09\/cropped-USO_Logo-768x127.png 768w, https:\/\/regensburg.nightlines.eu\/wp-content\/uploads\/2024\/09\/cropped-USO_Logo-1536x253.png 1536w, https:\/\/regensburg.nightlines.eu\/wp-content\/uploads\/2024\/09\/cropped-USO_Logo.png 2012w\" sizes=\"(max-width: 1024px) 100vw, 1024px\" \/><\/figure>\n<\/div>\n<\/div>\n<\/div>","protected":false},"excerpt":{"rendered":"<p>Unterst\u00fctze uns! Um unser&nbsp;kostenloses Angebot&nbsp;zur Verf\u00fcgung stellen zu k\u00f6nnen, sind wir auf&nbsp;externe Gelder angewiesen.&nbsp;Diese verwenden wir haupts\u00e4chlich f\u00fcr&nbsp;Werbung,&nbsp;Schulungen&nbsp;f\u00fcr unsere Freiwilligen und&nbsp;Teambuilding. Wenn Du unsere Arbeit finanziell&nbsp;unterst\u00fctzen&nbsp;willst, freuen wir uns sehr \u00fcber einen Betrag jeder H\u00f6he, entweder als Spende oder durch einen regelm\u00e4\u00dfigen Beitrag als F\u00f6rdermitglied. PS:&nbsp;Wir sind ein eingetragener&nbsp;gemeinn\u00fctziger Verein. Spenden an uns kannst Du [&hellip;]<\/p>","protected":false},"author":1,"featured_media":0,"parent":0,"menu_order":2,"comment_status":"closed","ping_status":"closed","template":"","meta":{"footnotes":""},"class_list":["post-1194","page","type-page","status-publish","hentry"],"_links":{"self":[{"href":"https:\/\/regensburg.nightlines.eu\/en\/wp-json\/wp\/v2\/pages\/1194","targetHints":{"allow":["GET"]}}],"collection":[{"href":"https:\/\/regensburg.nightlines.eu\/en\/wp-json\/wp\/v2\/pages"}],"about":[{"href":"https:\/\/regensburg.nightlines.eu\/en\/wp-json\/wp\/v2\/types\/page"}],"author":[{"embeddable":true,"href":"https:\/\/regensburg.nightlines.eu\/en\/wp-json\/wp\/v2\/users\/1"}],"replies":[{"embeddable":true,"href":"https:\/\/regensburg.nightlines.eu\/en\/wp-json\/wp\/v2\/comments?post=1194"}],"version-history":[{"count":81,"href":"https:\/\/regensburg.nightlines.eu\/en\/wp-json\/wp\/v2\/pages\/1194\/revisions"}],"predecessor-version":[{"id":1394,"href":"https:\/\/regensburg.nightlines.eu\/en\/wp-json\/wp\/v2\/pages\/1194\/revisions\/1394"}],"wp:attachment":[{"href":"https:\/\/regensburg.nightlines.eu\/en\/wp-json\/wp\/v2\/media?parent=1194"}],"curies":[{"name":"wp","href":"https:\/\/api.w.org\/{rel}","templated":true}]}}