{"id":1024,"date":"2026-01-29T18:13:38","date_gmt":"2026-01-29T17:13:38","guid":{"rendered":"https:\/\/regensburg.nightlines.eu\/?page_id=1024"},"modified":"2026-01-31T19:25:30","modified_gmt":"2026-01-31T18:25:30","slug":"startseite","status":"publish","type":"page","link":"https:\/\/regensburg.nightlines.eu\/en\/","title":{"rendered":"Homepage"},"content":{"rendered":"<div class=\"wp-block-group alignfull has-background has-global-padding is-layout-constrained wp-block-group-is-layout-constrained\" style=\"background-color:#aec3eb\">\n<div class=\"wp-block-cover alignfull wp-duotone-unset-1\" style=\"border-style:none;border-width:0px;border-top-left-radius:0px;border-top-right-radius:0px;border-bottom-left-radius:0px;border-bottom-right-radius:0px;margin-top:0;margin-bottom:0;padding-top:0;padding-right:0;padding-bottom:0;padding-left:0;min-height:521px;aspect-ratio:unset;\"><img fetchpriority=\"high\" decoding=\"async\" width=\"1000\" height=\"667\" class=\"wp-block-cover__image-background wp-image-9 size-full\" alt=\"\" src=\"https:\/\/regensburg.nightlines.eu\/wp-content\/uploads\/2024\/01\/regensburg-bei-nacht.jpg\" style=\"object-position:50% 6%\" data-object-fit=\"cover\" data-object-position=\"50% 6%\" srcset=\"https:\/\/regensburg.nightlines.eu\/wp-content\/uploads\/2024\/01\/regensburg-bei-nacht.jpg 1000w, https:\/\/regensburg.nightlines.eu\/wp-content\/uploads\/2024\/01\/regensburg-bei-nacht-300x200.jpg 300w, https:\/\/regensburg.nightlines.eu\/wp-content\/uploads\/2024\/01\/regensburg-bei-nacht-768x512.jpg 768w\" sizes=\"(max-width: 1000px) 100vw, 1000px\" \/><span aria-hidden=\"true\" class=\"wp-block-cover__background has-contrast-background-color has-background-dim-60 has-background-dim\"><\/span><div class=\"wp-block-cover__inner-container has-global-padding is-layout-constrained wp-container-core-cover-is-layout-481dc8fc wp-block-cover-is-layout-constrained\">\n<p class=\"has-text-align-center has-base-color has-text-color has-link-color has-heading-font-family wp-elements-57cac6ffab924fa626f6da317dc0c5b4\" style=\"font-size:clamp(2.418rem, 2.418rem + ((1vw - 0.2rem) * 3.47), 4.5rem);\">We're here to listen.<\/p>\n\n\n\n<p class=\"has-text-align-center has-base-color has-text-color has-link-color has-heading-font-family wp-elements-9581e678104cbf4a598087ae74b2f382\" style=\"padding-top:0;padding-bottom:0;font-size:clamp(15.197px, 0.95rem + ((1vw - 3.2px) * 0.813), 23px);\">Monday to Thursday, 9 p.m. to midnight<\/p>\n\n\n\n<div class=\"wp-block-columns is-layout-flex wp-container-core-columns-is-layout-28f84493 wp-block-columns-is-layout-flex\">\n<div class=\"wp-block-column is-layout-flow wp-block-column-is-layout-flow\" style=\"padding-top:var(--wp--preset--spacing--20);padding-bottom:var(--wp--preset--spacing--20)\"><\/div>\n<\/div>\n\n\n\n<div class=\"wp-block-columns is-layout-flex wp-container-core-columns-is-layout-28f84493 wp-block-columns-is-layout-flex\">\n<div class=\"wp-block-column is-layout-flow wp-block-column-is-layout-flow\" style=\"padding-right:var(--wp--preset--spacing--30);padding-left:var(--wp--preset--spacing--30)\"><\/div>\n<\/div>\n\n\n\n<div class=\"wp-block-columns is-layout-flex wp-container-core-columns-is-layout-9bc3b66b wp-block-columns-is-layout-flex\" style=\"border-style:none;border-width:0px;margin-top:0;margin-bottom:0;padding-top:0;padding-bottom:0\">\n<div class=\"wp-block-column is-vertically-aligned-center is-layout-flow wp-block-column-is-layout-flow\" style=\"flex-basis:300px\">\n<p class=\"has-text-align-center has-contrast-color has-text-color has-background has-link-color has-heading-font-family wp-elements-f40da070bcd347afb42049dae38f20bb\" style=\"border-top-left-radius:100px;border-top-right-radius:100px;border-bottom-left-radius:100px;border-bottom-right-radius:100px;background-color:#aec3eb;padding-top:var(--wp--preset--spacing--20);padding-bottom:var(--wp--preset--spacing--20);font-size:clamp(0.875rem, 0.875rem + ((1vw - 0.2rem) * 0.208), 1rem);\">Call us at 0941\/9439270<\/p>\n<\/div>\n\n\n\n<div class=\"wp-block-column is-layout-flow wp-block-column-is-layout-flow\" style=\"flex-basis:300px\">\n<p class=\"has-text-align-center has-contrast-color has-text-color has-background has-link-color has-heading-font-family wp-elements-09b5d130d9097152ac620f0d782e7be8\" style=\"border-top-left-radius:100px;border-top-right-radius:100px;border-bottom-left-radius:100px;border-bottom-right-radius:100px;background-color:#aec3eb;padding-top:var(--wp--preset--spacing--20);padding-bottom:var(--wp--preset--spacing--20);font-size:clamp(0.875rem, 0.875rem + ((1vw - 0.2rem) * 0.208), 1rem);\">Text us via <a href=\"http:\/\/chat.nightlines.eu\/regensburg\">chat<\/a><\/p>\n<\/div>\n<\/div>\n<\/div><\/div>\n\n\n\n<div style=\"height:47px\" aria-hidden=\"true\" class=\"wp-block-spacer\"><\/div>\n\n\n\n<h2 class=\"wp-block-heading has-text-align-center is-style-default has-background\" style=\"background-color:#aec3eb;padding-top:var(--wp--preset--spacing--10);padding-bottom:var(--wp--preset--spacing--10)\">Your conversation with us is<\/h2>\n\n\n\n<div class=\"wp-block-columns alignwide is-layout-flex wp-container-core-columns-is-layout-b9209e99 wp-block-columns-is-layout-flex\" style=\"margin-top:0;margin-bottom:0;padding-top:var(--wp--preset--spacing--30);padding-bottom:var(--wp--preset--spacing--30)\">\n<div class=\"wp-block-column is-layout-flow wp-container-core-column-is-layout-e719beeb wp-block-column-is-layout-flow\" style=\"padding-right:var(--wp--preset--spacing--30);padding-left:var(--wp--preset--spacing--30);flex-basis:35%\">\n<div class=\"wp-block-group has-background is-horizontal is-content-justification-center is-nowrap is-layout-flex wp-container-core-group-is-layout-9f217e56 wp-block-group-is-layout-flex\" style=\"border-width:1px;border-top-left-radius:20px;border-top-right-radius:20px;border-bottom-left-radius:20px;border-bottom-right-radius:20px;background-color:#2e3192;margin-top:0;margin-bottom:0;padding-top:var(--wp--preset--spacing--10);padding-right:var(--wp--preset--spacing--30);padding-bottom:var(--wp--preset--spacing--10);padding-left:var(--wp--preset--spacing--30)\">\n<p class=\"has-base-2-color has-text-color has-link-color has-heading-font-family wp-elements-42bfa52cb86b3d67cee4243d4db89f0e\" style=\"font-size:clamp(14.642px, 0.915rem + ((1vw - 3.2px) * 0.766), 22px);\">anonymous<\/p>\n<\/div>\n<\/div>\n\n\n\n<div class=\"wp-block-column is-layout-flow wp-block-column-is-layout-flow\" style=\"padding-right:var(--wp--preset--spacing--30);padding-left:var(--wp--preset--spacing--30);flex-basis:35%\">\n<div class=\"wp-block-group has-background is-horizontal is-content-justification-center is-nowrap is-layout-flex wp-container-core-group-is-layout-9a200ee5 wp-block-group-is-layout-flex\" style=\"border-width:1px;border-top-left-radius:20px;border-top-right-radius:20px;border-bottom-left-radius:20px;border-bottom-right-radius:20px;background-color:#2e3192;padding-top:var(--wp--preset--spacing--10);padding-right:0;padding-bottom:var(--wp--preset--spacing--10);padding-left:0\">\n<p class=\"has-base-2-color has-text-color has-link-color has-heading-font-family wp-elements-f43003e6d4bad4f5ebc60241af91c0bf\" style=\"font-size:clamp(14.642px, 0.915rem + ((1vw - 3.2px) * 0.766), 22px);\">confidential<\/p>\n<\/div>\n<\/div>\n\n\n\n<div class=\"wp-block-column is-layout-flow wp-block-column-is-layout-flow\" style=\"padding-right:var(--wp--preset--spacing--30);padding-left:var(--wp--preset--spacing--30);flex-basis:35%\">\n<div class=\"wp-block-group has-background is-horizontal is-content-justification-center is-nowrap is-layout-flex wp-container-core-group-is-layout-9a200ee5 wp-block-group-is-layout-flex\" style=\"border-width:1px;border-top-left-radius:20px;border-top-right-radius:20px;border-bottom-left-radius:20px;border-bottom-right-radius:20px;background-color:#2e3192;padding-top:var(--wp--preset--spacing--10);padding-right:0;padding-bottom:var(--wp--preset--spacing--10);padding-left:0\">\n<p class=\"has-base-2-color has-text-color has-link-color has-heading-font-family wp-elements-fdcd11fb638a6ced024ec173c992a8be\" style=\"font-size:clamp(14.642px, 0.915rem + ((1vw - 3.2px) * 0.766), 22px);\">nondirective<\/p>\n<\/div>\n<\/div>\n<\/div>\n\n\n\n<div style=\"height:48px\" aria-hidden=\"true\" class=\"wp-block-spacer\"><\/div>\n\n\n\n<div class=\"wp-block-group alignwide has-base-background-color has-background has-global-padding is-layout-constrained wp-block-group-is-layout-constrained\" style=\"border-style:none;border-width:0px;border-top-left-radius:30px;border-top-right-radius:30px;border-bottom-left-radius:30px;border-bottom-right-radius:30px;margin-top:0;margin-bottom:0;padding-top:var(--wp--preset--spacing--20);padding-bottom:var(--wp--preset--spacing--20);box-shadow:var(--wp--preset--shadow--deep)\">\n<h2 class=\"wp-block-heading has-text-align-center has-base-background-color has-background\" style=\"padding-top:var(--wp--preset--spacing--20);padding-bottom:var(--wp--preset--spacing--20)\">What is Nightline?<\/h2>\n\n\n\n<div class=\"wp-block-columns alignwide is-layout-flex wp-container-core-columns-is-layout-28f84493 wp-block-columns-is-layout-flex\">\n<div class=\"wp-block-column is-vertically-aligned-center is-layout-flow wp-block-column-is-layout-flow\" style=\"flex-basis:33%\">\n<figure class=\"wp-block-image aligncenter size-full is-resized\"><img decoding=\"async\" width=\"913\" height=\"1320\" src=\"https:\/\/regensburg.nightlines.eu\/wp-content\/uploads\/2024\/05\/maskottchen_neu_big_tummy_nl-e1715197693208.png\" alt=\"\" class=\"wp-image-282\" style=\"aspect-ratio:0.6916675888015934;width:200px;height:auto\" srcset=\"https:\/\/regensburg.nightlines.eu\/wp-content\/uploads\/2024\/05\/maskottchen_neu_big_tummy_nl-e1715197693208.png 913w, https:\/\/regensburg.nightlines.eu\/wp-content\/uploads\/2024\/05\/maskottchen_neu_big_tummy_nl-e1715197693208-208x300.png 208w, https:\/\/regensburg.nightlines.eu\/wp-content\/uploads\/2024\/05\/maskottchen_neu_big_tummy_nl-e1715197693208-708x1024.png 708w, https:\/\/regensburg.nightlines.eu\/wp-content\/uploads\/2024\/05\/maskottchen_neu_big_tummy_nl-e1715197693208-768x1110.png 768w\" sizes=\"(max-width: 913px) 100vw, 913px\" \/><\/figure>\n<\/div>\n\n\n\n<div class=\"wp-block-column is-layout-flow wp-block-column-is-layout-flow\" style=\"flex-basis:50%\">\n<div class=\"wp-block-group has-global-padding is-layout-constrained wp-block-group-is-layout-constrained\">\n<p class=\"has-heading-font-family\" style=\"padding-top:var(--wp--preset--spacing--10);padding-right:var(--wp--preset--spacing--10);padding-bottom:var(--wp--preset--spacing--10);padding-left:var(--wp--preset--spacing--10);font-size:clamp(15.747px, 0.984rem + ((1vw - 3.2px) * 0.86), 24px);\"><strong>A listening service from students for students<\/strong><\/p>\n\n\n\n<p class=\"has-heading-font-family\" style=\"margin-top:0;margin-right:var(--wp--preset--spacing--10);margin-bottom:0;margin-left:var(--wp--preset--spacing--10);padding-top:0;padding-right:var(--wp--preset--spacing--10);padding-bottom:0;padding-left:var(--wp--preset--spacing--10);font-size:clamp(14.082px, 0.88rem + ((1vw - 3.2px) * 0.721), 21px);\">Are you feeling lonely? Are exams stressing you out? Are you having problems with friends or family?<\/p>\n\n\n\n<p class=\"has-heading-font-family\" style=\"margin-top:0;margin-right:var(--wp--preset--spacing--10);margin-bottom:0;margin-left:var(--wp--preset--spacing--10);padding-top:0;padding-right:var(--wp--preset--spacing--10);padding-bottom:0;padding-left:var(--wp--preset--spacing--10);font-size:clamp(14.082px, 0.88rem + ((1vw - 3.2px) * 0.721), 21px);\">There are always days and situations that we cannot cope with on our own.<\/p>\n\n\n\n<p class=\"has-heading-font-family\" style=\"margin-top:0;margin-right:var(--wp--preset--spacing--10);margin-bottom:0;margin-left:var(--wp--preset--spacing--10);padding-top:0;padding-right:var(--wp--preset--spacing--10);padding-bottom:0;padding-left:var(--wp--preset--spacing--10);font-size:clamp(14.082px, 0.88rem + ((1vw - 3.2px) * 0.721), 21px);\">No matter what it's about, you can contact us. <\/p>\n\n\n\n<p class=\"has-heading-font-family\" style=\"margin-top:0;margin-right:var(--wp--preset--spacing--10);margin-bottom:0;margin-left:var(--wp--preset--spacing--10);padding-top:0;padding-right:var(--wp--preset--spacing--10);padding-bottom:0;padding-left:var(--wp--preset--spacing--10);font-size:clamp(14.082px, 0.88rem + ((1vw - 3.2px) * 0.721), 21px);\">From Monday to Thursday, you can reach us by phone and chat between 9 p.m. and midnight.<\/p>\n\n\n\n<div style=\"height:16px\" aria-hidden=\"true\" class=\"wp-block-spacer\"><\/div>\n<\/div>\n<\/div>\n<\/div>\n<\/div>\n\n\n\n<div class=\"wp-block-group alignfull has-contrast-color has-text-color has-link-color has-heading-font-family wp-elements-e1dc69490d078742367d554ef5e489a4 has-global-padding is-layout-constrained wp-container-core-group-is-layout-2df14bad wp-block-group-is-layout-constrained\" style=\"border-radius:0px;margin-top:0;margin-bottom:0;padding-top:var(--wp--preset--spacing--10);padding-right:var(--wp--preset--spacing--50);padding-bottom:var(--wp--preset--spacing--10);padding-left:var(--wp--preset--spacing--50)\">\n<h2 class=\"wp-block-heading alignwide is-style-default has-contrast-color has-text-color has-link-color has-heading-font-family wp-elements-b9b9019a177f76dd71e9ec2914347808\" style=\"padding-top:var(--wp--preset--spacing--30);padding-bottom:var(--wp--preset--spacing--30);font-size:clamp(3.388rem, 3.388rem + ((1vw - 0.2rem) * 5.853), 6.9rem);letter-spacing:-0.02em\">FAQs<\/h2>\n\n\n\n<hr class=\"wp-block-separator alignwide has-alpha-channel-opacity is-style-wide\" style=\"margin-top:var(--wp--preset--spacing--10);margin-bottom:var(--wp--preset--spacing--10)\"\/>\n\n\n\n<details class=\"wp-block-details alignwide is-layout-flow wp-block-details-is-layout-flow\" style=\"font-size:clamp(14.082px, 0.88rem + ((1vw - 3.2px) * 0.721), 21px);\"><summary>Who can call Nightline?<\/summary>\n<p>Our services are primarily aimed at students, but we are open to listening to anyone. No matter what problem or concern you have, we are happy to listen.<\/p>\n<\/details>\n\n\n\n<hr class=\"wp-block-separator alignwide has-alpha-channel-opacity is-style-wide\" style=\"margin-top:var(--wp--preset--spacing--10);margin-bottom:var(--wp--preset--spacing--10)\"\/>\n\n\n\n<details class=\"wp-block-details alignwide is-layout-flow wp-block-details-is-layout-flow\" style=\"font-size:clamp(14.082px, 0.88rem + ((1vw - 3.2px) * 0.721), 21px);\"><summary>Do I need to provide personal information?<\/summary>\n<p>No! Nightline is completely anonymous. If you don't want to, you don't have to give your name, age, or any other information about yourself.<\/p>\n<\/details>\n\n\n\n<hr class=\"wp-block-separator alignwide has-alpha-channel-opacity is-style-wide\" style=\"margin-top:var(--wp--preset--spacing--10);margin-bottom:var(--wp--preset--spacing--10)\"\/>\n\n\n\n<details class=\"wp-block-details alignwide is-layout-flow wp-block-details-is-layout-flow\" style=\"font-size:clamp(14.082px, 0.88rem + ((1vw - 3.2px) * 0.721), 21px);\"><summary>Who is taking my call?<\/summary>\n<p>The Nightliners are students who volunteer their time. We are not professional counselors, but listen to your concerns on an equal footing.<\/p>\n<\/details>\n\n\n\n<hr class=\"wp-block-separator alignwide has-alpha-channel-opacity is-style-wide\" style=\"margin-top:var(--wp--preset--spacing--10);margin-bottom:var(--wp--preset--spacing--10)\"\/>\n\n\n\n<details class=\"wp-block-details alignwide is-layout-flow wp-block-details-is-layout-flow\" style=\"font-size:clamp(14.082px, 0.88rem + ((1vw - 3.2px) * 0.721), 21px);\"><summary>How much will the call cost me?<\/summary>\n<p>You will only incur the costs of your mobile phone contract for a landline call. The service itself is free of charge.<\/p>\n<\/details>\n\n\n\n<hr class=\"wp-block-separator alignwide has-alpha-channel-opacity is-style-wide\" style=\"margin-top:var(--wp--preset--spacing--10);margin-bottom:var(--wp--preset--spacing--10)\"\/>\n\n\n\n<details class=\"wp-block-details alignwide is-layout-flow wp-block-details-is-layout-flow\" style=\"font-size:clamp(14.082px, 0.88rem + ((1vw - 3.2px) * 0.721), 21px);\"><summary>Where can I call if I can't reach anyone at your office?<\/summary>\n<p style=\"font-size:clamp(14.082px, 0.88rem + ((1vw - 3.2px) * 0.721), 21px);\">There are many other nightlines in German-speaking countries that you can contact. <a href=\"http:\/\/nightlines.eu\/erreichbarkeit\">Here<\/a> you can find out when which Nightline is open.<\/p>\n\n\n\n<p><a href=\"\/en\/weitere Angebote\/\">Here<\/a> you will also find other offers that you can sign up for.<\/p>\n<\/details>\n\n\n\n<hr class=\"wp-block-separator alignwide has-alpha-channel-opacity is-style-wide\" style=\"margin-top:var(--wp--preset--spacing--10);margin-bottom:var(--wp--preset--spacing--10)\"\/>\n<\/div>\n<\/div>","protected":false},"excerpt":{"rendered":"<p>Dein Gespr\u00e4ch mit uns ist anonym vertraulich non-direktiv Was ist die Nightline? Ein Zuh\u00f6rtelefon von Studierenden f\u00fcr Studierende Du f\u00fchlst dich einsam? Die Pr\u00fcfungsphase stresst dich? Du hast Stress mit Freund*innen oder der Familie? Immer wieder gibt es Tage und Situationen, mit denen wir nicht alleine klarkommen. Egal, um was es geht, du kannst dich [&hellip;]<\/p>","protected":false},"author":1,"featured_media":0,"parent":0,"menu_order":0,"comment_status":"closed","ping_status":"closed","template":"","meta":{"footnotes":""},"class_list":["post-1024","page","type-page","status-publish","hentry"],"_links":{"self":[{"href":"https:\/\/regensburg.nightlines.eu\/en\/wp-json\/wp\/v2\/pages\/1024","targetHints":{"allow":["GET"]}}],"collection":[{"href":"https:\/\/regensburg.nightlines.eu\/en\/wp-json\/wp\/v2\/pages"}],"about":[{"href":"https:\/\/regensburg.nightlines.eu\/en\/wp-json\/wp\/v2\/types\/page"}],"author":[{"embeddable":true,"href":"https:\/\/regensburg.nightlines.eu\/en\/wp-json\/wp\/v2\/users\/1"}],"replies":[{"embeddable":true,"href":"https:\/\/regensburg.nightlines.eu\/en\/wp-json\/wp\/v2\/comments?post=1024"}],"version-history":[{"count":59,"href":"https:\/\/regensburg.nightlines.eu\/en\/wp-json\/wp\/v2\/pages\/1024\/revisions"}],"predecessor-version":[{"id":1408,"href":"https:\/\/regensburg.nightlines.eu\/en\/wp-json\/wp\/v2\/pages\/1024\/revisions\/1408"}],"wp:attachment":[{"href":"https:\/\/regensburg.nightlines.eu\/en\/wp-json\/wp\/v2\/media?parent=1024"}],"curies":[{"name":"wp","href":"https:\/\/api.w.org\/{rel}","templated":true}]}}